{"id":1776,"date":"2025-08-09T16:01:29","date_gmt":"2025-08-09T14:01:29","guid":{"rendered":"https:\/\/www.rybol.de\/service\/"},"modified":"2025-08-09T17:42:11","modified_gmt":"2025-08-09T15:42:11","slug":"service","status":"publish","type":"page","link":"https:\/\/www.rybol.de\/en\/service\/","title":{"rendered":"Service"},"content":{"rendered":"\t\t<div data-elementor-type=\"wp-page\" data-elementor-id=\"1776\" class=\"elementor elementor-1776\" data-elementor-post-type=\"page\">\n\t\t\t\t<div class=\"elementor-element elementor-element-c4ccf5e e-con-full e-flex e-con e-parent\" data-id=\"c4ccf5e\" data-element_type=\"container\" data-settings=\"{&quot;background_background&quot;:&quot;classic&quot;}\">\n\t\t\t\t<div class=\"elementor-element elementor-element-d7abe51 elementor-widget elementor-widget-heading\" data-id=\"d7abe51\" data-element_type=\"widget\" data-widget_type=\"heading.default\">\n\t\t\t\t<div class=\"elementor-widget-container\">\n\t\t\t\t\t<h2 class=\"elementor-heading-title elementor-size-default\">ANGEBOT<\/h2>\t\t\t\t<\/div>\n\t\t\t\t<\/div>\n\t\t\t\t<div class=\"elementor-element elementor-element-4a8dacb elementor-widget elementor-widget-text-editor\" data-id=\"4a8dacb\" data-element_type=\"widget\" data-widget_type=\"text-editor.default\">\n\t\t\t\t<div class=\"elementor-widget-container\">\n\t\t\t\t\t\t\t\t\t<p>Ich unterst\u00fctze Unternehmen bei der Entwicklung und Realisierung neuer Produkte.<br \/>Durch meine Denkweise, Ausbildung und langj\u00e4hrige Berufserfahrung in der Produktentwicklung bin ich in der Lage, unkonventionelle und neuartige L\u00f6sungen zu finden.<\/p><p>Design ist f\u00fcr mich die Kunst, Probleme zu l\u00f6sen. Daher verstehe ich mich als Bindeglied zwischen Designabteilung und Konstruktion. In all meinen Projekten ist es mein Ziel, kreative L\u00f6sungsans\u00e4tze mit tiefem technischem Know-how zu verbinden. Fertigungsmethoden flie\u00dfen von Anfang an in den Entwicklungsprozess ein.<\/p><p>Projektbezogen kann ich Ihre Mitarbeiter bei laufenden Entwicklungen unterst\u00fctzen oder autark innovative Produktkonzepte f\u00fcr Ihr Unternehmen kreieren.<\/p>\t\t\t\t\t\t\t\t<\/div>\n\t\t\t\t<\/div>\n\t\t\t\t<\/div>\n\t\t\t\t<\/div>\n\t\t","protected":false},"excerpt":{"rendered":"<p>Service I support companies in the development and implementation of new products.Thanks to my mindset, education, and many years of professional experience in product development, I am able to find unconventional and innovative solutions. For me, design is the art of solving problems. Therefore, I see myself as a link between the design department and [&hellip;]<\/p>\n","protected":false},"author":2,"featured_media":0,"parent":0,"menu_order":0,"comment_status":"closed","ping_status":"closed","template":"","meta":{"_seopress_robots_primary_cat":"","_seopress_titles_title":"","_seopress_titles_desc":"","_seopress_robots_index":"","footnotes":""},"class_list":["post-1776","page","type-page","status-publish","hentry"],"_links":{"self":[{"href":"https:\/\/www.rybol.de\/en\/wp-json\/wp\/v2\/pages\/1776","targetHints":{"allow":["GET"]}}],"collection":[{"href":"https:\/\/www.rybol.de\/en\/wp-json\/wp\/v2\/pages"}],"about":[{"href":"https:\/\/www.rybol.de\/en\/wp-json\/wp\/v2\/types\/page"}],"author":[{"embeddable":true,"href":"https:\/\/www.rybol.de\/en\/wp-json\/wp\/v2\/users\/2"}],"replies":[{"embeddable":true,"href":"https:\/\/www.rybol.de\/en\/wp-json\/wp\/v2\/comments?post=1776"}],"version-history":[{"count":1,"href":"https:\/\/www.rybol.de\/en\/wp-json\/wp\/v2\/pages\/1776\/revisions"}],"predecessor-version":[{"id":1860,"href":"https:\/\/www.rybol.de\/en\/wp-json\/wp\/v2\/pages\/1776\/revisions\/1860"}],"wp:attachment":[{"href":"https:\/\/www.rybol.de\/en\/wp-json\/wp\/v2\/media?parent=1776"}],"curies":[{"name":"wp","href":"https:\/\/api.w.org\/{rel}","templated":true}]}}